{"id":25723,"date":"2023-11-14T19:53:33","date_gmt":"2023-11-14T19:53:33","guid":{"rendered":"https:\/\/www.flaneurlife.com\/?page_id=25723"},"modified":"2023-11-23T14:35:42","modified_gmt":"2023-11-23T14:35:42","slug":"dominate","status":"publish","type":"page","link":"https:\/\/www.flaneurlife.com\/es\/dominate\/","title":{"rendered":"Curso de Dominaci\u00f3n Global"},"content":{"rendered":"<div data-elementor-type=\"wp-page\" data-elementor-id=\"25723\" class=\"elementor elementor-25723\" data-elementor-post-type=\"page\">\n\t\t\t\t\t\t<section data-particle_enable=\"false\" data-particle-mobile-disabled=\"false\" class=\"has_ae_slider elementor-section elementor-top-section elementor-element elementor-element-7376c711 elementor-section-stretched elementor-section-boxed elementor-section-height-default elementor-section-height-default ae-bg-gallery-type-default\" data-id=\"7376c711\" data-element_type=\"section\" data-e-type=\"section\" data-settings=\"{&quot;background_background&quot;:&quot;classic&quot;,&quot;stretch_section&quot;:&quot;section-stretched&quot;}\">\n\t\t\t\t\t\t\t<div class=\"elementor-background-overlay\"><\/div>\n\t\t\t\t\t\t\t<div class=\"elementor-container elementor-column-gap-default\">\n\t\t\t\t\t<div class=\"has_ae_slider elementor-column elementor-col-50 elementor-top-column elementor-element elementor-element-50e3f9e1 ae-bg-gallery-type-default\" data-id=\"50e3f9e1\" data-element_type=\"column\" data-e-type=\"column\">\n\t\t\t<div class=\"elementor-widget-wrap elementor-element-populated\">\n\t\t\t\t\t\t<div class=\"elementor-element elementor-element-17b2eac elementor-widget elementor-widget-image\" data-id=\"17b2eac\" data-element_type=\"widget\" data-e-type=\"widget\" data-widget_type=\"image.default\">\n\t\t\t\t<div class=\"elementor-widget-container\">\n\t\t\t\t\t\t\t\t\t\t\t\t\t\t\t<img fetchpriority=\"high\" decoding=\"async\" width=\"800\" height=\"800\" src=\"https:\/\/d2hu24qj5y9mqn.cloudfront.net\/wp-content\/uploads\/2023\/11\/14210143\/Profile-Picture.png\" class=\"attachment-large size-large wp-image-25769\" alt=\"\" srcset=\"https:\/\/d2hu24qj5y9mqn.cloudfront.net\/wp-content\/uploads\/2023\/11\/14210143\/Profile-Picture.png 800w, https:\/\/d2hu24qj5y9mqn.cloudfront.net\/wp-content\/uploads\/2023\/11\/14210143\/Profile-Picture-300x300.png 300w, https:\/\/d2hu24qj5y9mqn.cloudfront.net\/wp-content\/uploads\/2023\/11\/14210143\/Profile-Picture.png 100w, https:\/\/d2hu24qj5y9mqn.cloudfront.net\/wp-content\/uploads\/2023\/11\/14210143\/Profile-Picture-600x600.png 600w, https:\/\/d2hu24qj5y9mqn.cloudfront.net\/wp-content\/uploads\/2023\/11\/14210143\/Profile-Picture-150x150.png 150w, https:\/\/d2hu24qj5y9mqn.cloudfront.net\/wp-content\/uploads\/2023\/11\/14210143\/Profile-Picture-768x768.png 768w, https:\/\/d2hu24qj5y9mqn.cloudfront.net\/wp-content\/uploads\/2023\/11\/14210143\/Profile-Picture-12x12.png 12w\" sizes=\"(max-width: 800px) 100vw, 800px\" \/>\t\t\t\t\t\t\t\t\t\t\t\t\t\t\t<\/div>\n\t\t\t\t<\/div>\n\t\t\t\t<div class=\"elementor-element elementor-element-787ec159 elementor-widget elementor-widget-heading\" data-id=\"787ec159\" data-element_type=\"widget\" data-e-type=\"widget\" data-widget_type=\"heading.default\">\n\t\t\t\t<div class=\"elementor-widget-container\">\n\t\t\t\t\t<h3 class=\"elementor-heading-title elementor-size-default\">C\u00d3MO DOMINAR EL MUNDO<\/h3>\t\t\t\t<\/div>\n\t\t\t\t<\/div>\n\t\t\t\t<div class=\"elementor-element elementor-element-6edb5cbe elementor-widget elementor-widget-heading\" data-id=\"6edb5cbe\" data-element_type=\"widget\" data-e-type=\"widget\" data-widget_type=\"heading.default\">\n\t\t\t\t<div class=\"elementor-widget-container\">\n\t\t\t\t\t<h1 class=\"elementor-heading-title elementor-size-default\">&quot;Construye tu tribu hoy con mi curso GRATUITO de Dominaci\u00f3n Global&quot;.<\/h1>\t\t\t\t<\/div>\n\t\t\t\t<\/div>\n\t\t\t\t<div class=\"elementor-element elementor-element-5b542923 elementor-widget elementor-widget-heading\" data-id=\"5b542923\" data-element_type=\"widget\" data-e-type=\"widget\" data-widget_type=\"heading.default\">\n\t\t\t\t<div class=\"elementor-widget-container\">\n\t\t\t\t\t<h3 class=\"elementor-heading-title elementor-size-default\">\u00danase a m\u00e1s de 3107 pioneros que crean sus hogares digitales y dejan su huella en todo el mundo.<br><br>Aprender\u00e1s:<\/h3>\t\t\t\t<\/div>\n\t\t\t\t<\/div>\n\t\t\t\t<div class=\"elementor-element elementor-element-77c95204 elementor-icon-list--layout-traditional elementor-list-item-link-full_width elementor-widget elementor-widget-icon-list\" data-id=\"77c95204\" data-element_type=\"widget\" data-e-type=\"widget\" data-widget_type=\"icon-list.default\">\n\t\t\t\t<div class=\"elementor-widget-container\">\n\t\t\t\t\t\t\t<ul class=\"elementor-icon-list-items\">\n\t\t\t\t\t\t\t<li class=\"elementor-icon-list-item\">\n\t\t\t\t\t\t\t\t\t\t\t<span class=\"elementor-icon-list-icon\">\n\t\t\t\t\t\t\t<i aria-hidden=\"true\" class=\"far fa-check-circle\"><\/i>\t\t\t\t\t\t<\/span>\n\t\t\t\t\t\t\t\t\t\t<span class=\"elementor-icon-list-text\">C\u00f3mo construir una vida plena en torno a sus diversos intereses<\/span>\n\t\t\t\t\t\t\t\t\t<\/li>\n\t\t\t\t\t\t\t\t<li class=\"elementor-icon-list-item\">\n\t\t\t\t\t\t\t\t\t\t\t<span class=\"elementor-icon-list-icon\">\n\t\t\t\t\t\t\t<i aria-hidden=\"true\" class=\"far fa-check-circle\"><\/i>\t\t\t\t\t\t<\/span>\n\t\t\t\t\t\t\t\t\t\t<span class=\"elementor-icon-list-text\">La mejor manera de crear una comunidad global asesina<\/span>\n\t\t\t\t\t\t\t\t\t<\/li>\n\t\t\t\t\t\t\t\t<li class=\"elementor-icon-list-item\">\n\t\t\t\t\t\t\t\t\t\t\t<span class=\"elementor-icon-list-icon\">\n\t\t\t\t\t\t\t<i aria-hidden=\"true\" class=\"far fa-check-circle\"><\/i>\t\t\t\t\t\t<\/span>\n\t\t\t\t\t\t\t\t\t\t<span class=\"elementor-icon-list-text\">El camino m\u00e1s f\u00e1cil para convertirse en un ciudadano global que viaja por el mundo<\/span>\n\t\t\t\t\t\t\t\t\t<\/li>\n\t\t\t\t\t\t<\/ul>\n\t\t\t\t\t\t<\/div>\n\t\t\t\t<\/div>\n\t\t\t\t<div class=\"elementor-element elementor-element-0fc882f elementor-align-center elementor-widget elementor-widget-button\" data-id=\"0fc882f\" data-element_type=\"widget\" data-e-type=\"widget\" data-no-translation=\"\" data-widget_type=\"button.default\">\n\t\t\t\t<div class=\"elementor-widget-container\">\n\t\t\t\t\t<style>.elementor-element-0fc882f{display:none !important}<\/style>\t\t\t\t<\/div>\n\t\t\t\t<\/div>\n\t\t\t\t\t<\/div>\n\t\t<\/div>\n\t\t\t\t<div class=\"has_ae_slider elementor-column elementor-col-50 elementor-top-column elementor-element elementor-element-4e61da0c ae-bg-gallery-type-default\" data-id=\"4e61da0c\" data-element_type=\"column\" data-e-type=\"column\">\n\t\t\t<div class=\"elementor-widget-wrap elementor-element-populated\">\n\t\t\t\t\t\t<div class=\"elementor-element elementor-element-1559767d elementor-widget elementor-widget-image\" data-id=\"1559767d\" data-element_type=\"widget\" data-e-type=\"widget\" data-widget_type=\"image.default\">\n\t\t\t\t<div class=\"elementor-widget-container\">\n\t\t\t\t\t\t\t\t\t\t\t\t\t\t\t<img decoding=\"async\" width=\"724\" height=\"1024\" src=\"https:\/\/d2hu24qj5y9mqn.cloudfront.net\/wp-content\/uploads\/2023\/11\/14221658\/Global-Domination-Course-Ipad-Tablet-View-724x1024.png\" class=\"attachment-large size-large wp-image-25836\" alt=\"\" srcset=\"https:\/\/d2hu24qj5y9mqn.cloudfront.net\/wp-content\/uploads\/2023\/11\/14221658\/Global-Domination-Course-Ipad-Tablet-View-724x1024.png 724w, https:\/\/d2hu24qj5y9mqn.cloudfront.net\/wp-content\/uploads\/2023\/11\/14221658\/Global-Domination-Course-Ipad-Tablet-View.png 600w, https:\/\/d2hu24qj5y9mqn.cloudfront.net\/wp-content\/uploads\/2023\/11\/14221658\/Global-Domination-Course-Ipad-Tablet-View-212x300.png 212w, https:\/\/d2hu24qj5y9mqn.cloudfront.net\/wp-content\/uploads\/2023\/11\/14221658\/Global-Domination-Course-Ipad-Tablet-View-768x1086.png 768w, https:\/\/d2hu24qj5y9mqn.cloudfront.net\/wp-content\/uploads\/2023\/11\/14221658\/Global-Domination-Course-Ipad-Tablet-View-1086x1536.png 1086w, https:\/\/d2hu24qj5y9mqn.cloudfront.net\/wp-content\/uploads\/2023\/11\/14221658\/Global-Domination-Course-Ipad-Tablet-View-8x12.png 8w, https:\/\/d2hu24qj5y9mqn.cloudfront.net\/wp-content\/uploads\/2023\/11\/14221658\/Global-Domination-Course-Ipad-Tablet-View.png 1414w\" sizes=\"(max-width: 724px) 100vw, 724px\" \/>\t\t\t\t\t\t\t\t\t\t\t\t\t\t\t<\/div>\n\t\t\t\t<\/div>\n\t\t\t\t<div class=\"elementor-element elementor-element-5133fe92 elementor-widget elementor-widget-text-editor\" data-id=\"5133fe92\" data-element_type=\"widget\" data-e-type=\"widget\" data-widget_type=\"text-editor.default\">\n\t\t\t\t<div class=\"elementor-widget-container\">\n\t\t\t\t\t\t\t\t\t<p><em><strong>\u201cEste proceso ha creado un impulso que no esperaba y gener\u00f3 m\u00e1s seguimiento por mi parte que la mayor parte del a\u00f1o. No puedo agradecerles lo suficiente por despertar esta productividad latente en m\u00ed\u201d.<\/strong><\/em><\/p>\t\t\t\t\t\t\t\t<\/div>\n\t\t\t\t<\/div>\n\t\t\t\t<div class=\"elementor-element elementor-element-ea28bc5 elementor-widget elementor-widget-heading\" data-id=\"ea28bc5\" data-element_type=\"widget\" data-e-type=\"widget\" data-widget_type=\"heading.default\">\n\t\t\t\t<div class=\"elementor-widget-container\">\n\t\t\t\t\t<h3 class=\"elementor-heading-title elementor-size-default\">\u2014GABY CRUZ<\/h3>\t\t\t\t<\/div>\n\t\t\t\t<\/div>\n\t\t\t\t\t<\/div>\n\t\t<\/div>\n\t\t\t\t\t<\/div>\n\t\t<\/section>\n\t\t\t\t<\/div>","protected":false},"excerpt":{"rendered":"<p>HOW TO TAKE OVER THE WORLD &#8220;Build your tribe today with my FREE Global Domination course.&#8221; Join 3107+ other trailblazers creating their digital homes and making their marks around the globe. You&#8217;ll learn: How to build a fulfilling life around your diverse interests The best way to create a killer global community The easiest path [&hellip;]<\/p>\n","protected":false},"author":1,"featured_media":25885,"parent":0,"menu_order":0,"comment_status":"closed","ping_status":"closed","template":"","meta":{"_lmt_disableupdate":"no","_lmt_disable":"","ocean_post_layout":"","ocean_both_sidebars_style":"","ocean_both_sidebars_content_width":0,"ocean_both_sidebars_sidebars_width":0,"ocean_sidebar":"","ocean_second_sidebar":"","ocean_disable_margins":"enable","ocean_add_body_class":"","ocean_shortcode_before_top_bar":"","ocean_shortcode_after_top_bar":"","ocean_shortcode_before_header":"","ocean_shortcode_after_header":"","ocean_has_shortcode":"","ocean_shortcode_after_title":"","ocean_shortcode_before_footer_widgets":"","ocean_shortcode_after_footer_widgets":"","ocean_shortcode_before_footer_bottom":"","ocean_shortcode_after_footer_bottom":"","ocean_display_top_bar":"default","ocean_display_header":"default","ocean_header_style":"","ocean_center_header_left_menu":"","ocean_custom_header_template":"","ocean_custom_logo":0,"ocean_custom_retina_logo":0,"ocean_custom_logo_max_width":0,"ocean_custom_logo_tablet_max_width":0,"ocean_custom_logo_mobile_max_width":0,"ocean_custom_logo_max_height":0,"ocean_custom_logo_tablet_max_height":0,"ocean_custom_logo_mobile_max_height":0,"ocean_header_custom_menu":"","ocean_menu_typo_font_family":"","ocean_menu_typo_font_subset":"","ocean_menu_typo_font_size":0,"ocean_menu_typo_font_size_tablet":0,"ocean_menu_typo_font_size_mobile":0,"ocean_menu_typo_font_size_unit":"px","ocean_menu_typo_font_weight":"","ocean_menu_typo_font_weight_tablet":"","ocean_menu_typo_font_weight_mobile":"","ocean_menu_typo_transform":"","ocean_menu_typo_transform_tablet":"","ocean_menu_typo_transform_mobile":"","ocean_menu_typo_line_height":0,"ocean_menu_typo_line_height_tablet":0,"ocean_menu_typo_line_height_mobile":0,"ocean_menu_typo_line_height_unit":"","ocean_menu_typo_spacing":0,"ocean_menu_typo_spacing_tablet":0,"ocean_menu_typo_spacing_mobile":0,"ocean_menu_typo_spacing_unit":"","ocean_menu_link_color":"","ocean_menu_link_color_hover":"","ocean_menu_link_color_active":"","ocean_menu_link_background":"","ocean_menu_link_hover_background":"","ocean_menu_link_active_background":"","ocean_menu_social_links_bg":"","ocean_menu_social_hover_links_bg":"","ocean_menu_social_links_color":"","ocean_menu_social_hover_links_color":"","ocean_disable_title":"default","ocean_disable_heading":"default","ocean_post_title":"","ocean_post_subheading":"","ocean_post_title_style":"","ocean_post_title_background_color":"","ocean_post_title_background":0,"ocean_post_title_bg_image_position":"","ocean_post_title_bg_image_attachment":"","ocean_post_title_bg_image_repeat":"","ocean_post_title_bg_image_size":"","ocean_post_title_height":0,"ocean_post_title_bg_overlay":0.5,"ocean_post_title_bg_overlay_color":"","ocean_disable_breadcrumbs":"default","ocean_breadcrumbs_color":"","ocean_breadcrumbs_separator_color":"","ocean_breadcrumbs_links_color":"","ocean_breadcrumbs_links_hover_color":"","ocean_display_footer_widgets":"default","ocean_display_footer_bottom":"default","ocean_custom_footer_template":"","footnotes":""},"class_list":["post-25723","page","type-page","status-publish","has-post-thumbnail","hentry","entry","has-media"],"featured_image_src":"https:\/\/d2hu24qj5y9mqn.cloudfront.net\/wp-content\/uploads\/2023\/11\/23142322\/global-domination.png","jetpack_sharing_enabled":true,"_links":{"self":[{"href":"https:\/\/www.flaneurlife.com\/es\/wp-json\/wp\/v2\/pages\/25723","targetHints":{"allow":["GET"]}}],"collection":[{"href":"https:\/\/www.flaneurlife.com\/es\/wp-json\/wp\/v2\/pages"}],"about":[{"href":"https:\/\/www.flaneurlife.com\/es\/wp-json\/wp\/v2\/types\/page"}],"author":[{"embeddable":true,"href":"https:\/\/www.flaneurlife.com\/es\/wp-json\/wp\/v2\/users\/1"}],"replies":[{"embeddable":true,"href":"https:\/\/www.flaneurlife.com\/es\/wp-json\/wp\/v2\/comments?post=25723"}],"version-history":[{"count":124,"href":"https:\/\/www.flaneurlife.com\/es\/wp-json\/wp\/v2\/pages\/25723\/revisions"}],"predecessor-version":[{"id":25887,"href":"https:\/\/www.flaneurlife.com\/es\/wp-json\/wp\/v2\/pages\/25723\/revisions\/25887"}],"wp:featuredmedia":[{"embeddable":true,"href":"https:\/\/www.flaneurlife.com\/es\/wp-json\/wp\/v2\/media\/25885"}],"wp:attachment":[{"href":"https:\/\/www.flaneurlife.com\/es\/wp-json\/wp\/v2\/media?parent=25723"}],"curies":[{"name":"wp","href":"https:\/\/api.w.org\/{rel}","templated":true}]}}