{"id":2518,"date":"2019-03-20T21:55:35","date_gmt":"2019-03-20T21:55:35","guid":{"rendered":"https:\/\/www.flaneurlife.com\/?page_id=2518"},"modified":"2025-03-29T23:36:55","modified_gmt":"2025-03-29T23:36:55","slug":"privacy","status":"publish","type":"page","link":"https:\/\/www.flaneurlife.com\/es\/privacy\/","title":{"rendered":"Privacidad"},"content":{"rendered":"<div data-elementor-type=\"wp-post\" data-elementor-id=\"2518\" class=\"elementor elementor-2518\" data-elementor-post-type=\"page\">\n\t\t\t\t\t\t<section data-particle_enable=\"false\" data-particle-mobile-disabled=\"false\" class=\"has_ae_slider elementor-section elementor-top-section elementor-element elementor-element-e1765da elementor-section-boxed elementor-section-height-default elementor-section-height-default ae-bg-gallery-type-default\" data-id=\"e1765da\" data-element_type=\"section\" data-e-type=\"section\">\n\t\t\t\t\t\t<div class=\"elementor-container elementor-column-gap-default\">\n\t\t\t\t\t<div class=\"has_ae_slider elementor-column elementor-col-100 elementor-top-column elementor-element elementor-element-55695afb ae-bg-gallery-type-default\" data-id=\"55695afb\" data-element_type=\"column\" data-e-type=\"column\">\n\t\t\t<div class=\"elementor-widget-wrap elementor-element-populated\">\n\t\t\t\t\t\t<div class=\"elementor-element elementor-element-7482c3b7 elementor-widget elementor-widget-heading\" data-id=\"7482c3b7\" data-element_type=\"widget\" data-e-type=\"widget\" data-widget_type=\"heading.default\">\n\t\t\t\t<div class=\"elementor-widget-container\">\n\t\t\t\t\t<h2 class=\"elementor-heading-title elementor-size-default\">Pol\u00edtica de privacidad<\/h2>\t\t\t\t<\/div>\n\t\t\t\t<\/div>\n\t\t\t\t<div class=\"elementor-element elementor-element-69d336fa elementor-widget elementor-widget-text-editor\" data-id=\"69d336fa\" data-element_type=\"widget\" data-e-type=\"widget\" data-widget_type=\"text-editor.default\">\n\t\t\t\t<div class=\"elementor-widget-container\">\n\t\t\t\t\t\t\t\t\t<h4>Last Updated: MARCH 2025<\/h4><h4 data-css=\"tve-u-1638297250d\">Introducci\u00f3n<\/h4><p class=\"whitespace-pre-wrap break-words\">This privacy policy (&#8220;Policy&#8221;) describes how Flaneur Ventures LLC, doing business as Flaneur Life (&#8220;Company&#8221;, &#8220;we&#8221;, &#8220;us&#8221; or &#8220;our&#8221;) collects, protects and uses the personally identifiable information (&#8220;Personal Information&#8221;) you (&#8220;User&#8221;, &#8220;you&#8221; or &#8220;your&#8221;) may provide on the flaneurlife.com website and any of its products or services (collectively, &#8220;Website&#8221; or &#8220;Services&#8221;). It also describes the choices available to you regarding our use of your Personal Information and how you can access and update this information. This Policy does not apply to the practices of companies that we do not own or control, or to individuals that we do not employ or manage.<\/p><p class=\"whitespace-pre-wrap break-words\">\u00a0<\/p><h4>Recolecci\u00f3n de informaci\u00f3n personal<\/h4><p>Recibimos y almacenamos cualquier informaci\u00f3n que nos proporcione a sabiendas cuando crea una cuenta, publica contenido, realiza una compra o completa cualquier formulario en l\u00ednea en el sitio web. Cuando sea necesario, esta informaci\u00f3n puede incluir su direcci\u00f3n de correo electr\u00f3nico, nombre u otra informaci\u00f3n personal. Puede optar por no proporcionarnos cierta informaci\u00f3n, pero es posible que no pueda aprovechar algunas de las funciones del sitio web. Los usuarios que no est\u00e9n seguros de qu\u00e9 informaci\u00f3n es obligatoria pueden ponerse en contacto con nosotros.<\/p><h4>Recopilaci\u00f3n de informaci\u00f3n no personal<\/h4><p>Cuando visita el sitio web, nuestros servidores registran autom\u00e1ticamente la informaci\u00f3n que env\u00eda su navegador. Estos datos pueden incluir informaci\u00f3n como la direcci\u00f3n IP de su dispositivo, el tipo y la versi\u00f3n del navegador, el tipo y la versi\u00f3n del sistema operativo, las preferencias de idioma o la p\u00e1gina web que estaba visitando antes de llegar a nuestro sitio web, las p\u00e1ginas de nuestro sitio web que visita, el tiempo que pas\u00f3 en esas p\u00e1ginas, la informaci\u00f3n que busca en nuestro sitio web, las horas y fechas de acceso y otras estad\u00edsticas.<\/p><h4>Manejo de informaci\u00f3n personal<\/h4><p>Puede acceder, agregar, actualizar y eliminar cierta Informaci\u00f3n personal sobre usted. La informaci\u00f3n que puede ver, actualizar y eliminar puede cambiar a medida que cambian el sitio web o los servicios. Sin embargo, cuando actualiza informaci\u00f3n, podemos mantener una copia de la informaci\u00f3n no revisada en nuestros registros. Es posible que parte de la informaci\u00f3n permanezca en nuestros registros privados despu\u00e9s de que elimine dicha informaci\u00f3n de su cuenta. Retendremos y usaremos su informaci\u00f3n seg\u00fan sea necesario para cumplir con nuestras obligaciones legales, resolver disputas y hacer cumplir nuestros acuerdos. Podemos utilizar cualquier dato agregado derivado o incorporado de su Informaci\u00f3n personal despu\u00e9s de que la actualice o elimine, pero no de una manera que lo identifique personalmente. Una vez que expire el per\u00edodo de retenci\u00f3n, la informaci\u00f3n personal se eliminar\u00e1. Por lo tanto, el derecho de acceso, el derecho de supresi\u00f3n, el derecho de rectificaci\u00f3n y el derecho a la portabilidad de los datos no pueden hacerse valer despu\u00e9s de la expiraci\u00f3n del per\u00edodo de retenci\u00f3n.<\/p><h4>Uso y procesamiento de la informaci\u00f3n recopilada<\/h4><p>Cualquier informaci\u00f3n que recopilemos de usted puede usarse para personalizar su experiencia; mejorar nuestro sitio web; mejorar el servicio al cliente y responder a las consultas y correos electr\u00f3nicos de nuestros clientes; procesar transacciones; enviar correos electr\u00f3nicos de notificaci\u00f3n como recordatorios de contrase\u00f1as, actualizaciones, etc. ejecutar y operar nuestro sitio web y servicios. La informaci\u00f3n no personal recopilada se utiliza solo para identificar casos potenciales de abuso y establecer informaci\u00f3n estad\u00edstica sobre el uso del sitio web. Esta informaci\u00f3n estad\u00edstica no se agrega de otra manera de tal manera que identifique a ning\u00fan usuario en particular del sistema.<\/p><p>Podemos procesar informaci\u00f3n personal relacionada con usted si se aplica una de las siguientes situaciones: (i) Usted ha dado su consentimiento para uno o m\u00e1s prop\u00f3sitos espec\u00edficos. Tenga en cuenta que, seg\u00fan algunas legislaciones, es posible que se nos permita procesar informaci\u00f3n hasta que usted se oponga a dicho procesamiento (al optar por no participar), sin tener que depender del consentimiento o de cualquier otra de las siguientes bases legales a continuaci\u00f3n. Sin embargo, esto no se aplica cuando el procesamiento de la informaci\u00f3n personal est\u00e1 sujeto a la ley europea de protecci\u00f3n de datos; (ii) El suministro de informaci\u00f3n es necesario para la ejecuci\u00f3n de un acuerdo con usted y \/ o para cualquier obligaci\u00f3n precontractual del mismo; (ii) El procesamiento es necesario para cumplir con una obligaci\u00f3n legal a la que est\u00e1 sujeto; (iv) El procesamiento est\u00e1 relacionado con una tarea que se lleva a cabo en inter\u00e9s p\u00fablico o en el ejercicio de la autoridad oficial que se nos ha conferido; (v) El procesamiento es necesario para los fines de los intereses leg\u00edtimos perseguidos por nosotros o por un tercero. En cualquier caso, estaremos encantados de aclarar la base legal espec\u00edfica que se aplica al procesamiento y, en particular, si el suministro de Datos personales es un requisito legal o contractual, o un requisito necesario para celebrar un contrato.<\/p><h4>Transferencia y almacenamiento de informaci\u00f3n<\/h4><p>Dependiendo de su ubicaci\u00f3n, las transferencias de datos pueden implicar la transferencia y el almacenamiento de su informaci\u00f3n en un pa\u00eds que no sea el suyo. Tiene derecho a conocer la base legal de las transferencias de informaci\u00f3n a un pa\u00eds fuera de la Uni\u00f3n Europea oa cualquier organizaci\u00f3n internacional regida por el derecho internacional p\u00fablico o establecida por dos o m\u00e1s pa\u00edses, como la ONU, y sobre las medidas de seguridad adoptadas por nosotros para salvaguardar su informaci\u00f3n. Si se lleva a cabo una transferencia de este tipo, puede obtener m\u00e1s informaci\u00f3n al consultar las secciones relevantes de este documento o consultar con nosotros utilizando la informaci\u00f3n proporcionada en la secci\u00f3n de contacto.<\/p><h4>Los derechos de los usuarios<\/h4><p>Puede ejercer ciertos derechos con respecto a su informaci\u00f3n procesada por nosotros. En particular, tiene derecho a hacer lo siguiente: (i) tiene derecho a retirar el consentimiento cuando previamente haya dado su consentimiento para el procesamiento de su informaci\u00f3n; (ii) tiene derecho a oponerse al procesamiento de su informaci\u00f3n si el procesamiento se lleva a cabo sobre una base legal distinta al consentimiento; (iii) tiene derecho a saber si la informaci\u00f3n est\u00e1 siendo procesada por nosotros, obtener divulgaci\u00f3n sobre ciertos aspectos del procesamiento y obtener una copia de la informaci\u00f3n que se procesa; (iv) tiene derecho a verificar la exactitud de su informaci\u00f3n y solicitar que sea actualizada o corregida; (v) usted tiene el derecho, bajo ciertas circunstancias, de restringir el procesamiento de su informaci\u00f3n, en cuyo caso, no procesaremos su informaci\u00f3n para ning\u00fan otro prop\u00f3sito que no sea almacenarla; (vi) usted tiene el derecho, bajo ciertas circunstancias, de obtener el borrado de su Informaci\u00f3n personal de nosotros; (vii) tiene derecho a recibir su informaci\u00f3n en un formato estructurado, de uso com\u00fan y legible por m\u00e1quina y, si es t\u00e9cnicamente posible, a que se transmita a otro responsable del tratamiento sin ning\u00fan obst\u00e1culo. Esta disposici\u00f3n es aplicable siempre que su informaci\u00f3n sea procesada por medios automatizados y que el procesamiento se base en su consentimiento, en un contrato del que usted sea parte o en obligaciones precontractuales del mismo.<\/p><h4>El derecho a oponerse al procesamiento<\/h4><p>Cuando la informaci\u00f3n personal se procesa para el inter\u00e9s p\u00fablico, en el ejercicio de una autoridad oficial conferida a nosotros o para los fines de los intereses leg\u00edtimos perseguidos por nosotros, puede oponerse a dicho procesamiento proporcionando un motivo relacionado con su situaci\u00f3n particular para justificar el objeci\u00f3n. Sin embargo, debe saber que, si su informaci\u00f3n personal se procesa con fines de marketing directo, puede oponerse a ese procesamiento en cualquier momento sin proporcionar ninguna justificaci\u00f3n. Para saber si estamos procesando informaci\u00f3n personal con fines de marketing directo, puede consultar las secciones relevantes de este documento.<\/p><h4>C\u00f3mo ejercer estos derechos<\/h4><p>Cualquier solicitud para ejercer los derechos de Usuario se puede dirigir al Propietario a trav\u00e9s de los datos de contacto proporcionados en este documento. Estas solicitudes se pueden ejercitar de forma gratuita y ser\u00e1n atendidas por el Titular lo antes posible y siempre en el plazo de un mes.<\/p><h4>Facturaci\u00f3n y pagos<\/h4><p>Utilizamos procesadores de pago de terceros para ayudarnos a procesar su informaci\u00f3n de pago de forma segura. El uso de su Informaci\u00f3n personal por parte de dichos procesadores externos se rige por sus respectivas pol\u00edticas de privacidad que pueden contener o no protecciones de privacidad tan protectoras como esta Pol\u00edtica de privacidad. Le sugerimos que revise sus respectivas pol\u00edticas de privacidad.<\/p><h4>Proveedores de productos y servicios<\/h4><p>Podemos contratar a otras empresas para proporcionar determinados productos y servicios. Estos proveedores de servicios no est\u00e1n autorizados a usar o divulgar la informaci\u00f3n, excepto cuando sea necesario para realizar servicios en nuestro nombre o cumplir con los requisitos legales. Podemos compartir informaci\u00f3n personal para estos fines solo con terceros cuyas pol\u00edticas de privacidad sean consistentes con las nuestras o que acepten cumplir con nuestras pol\u00edticas con respecto a la informaci\u00f3n personal.Nuestros proveedores de servicios reciben la informaci\u00f3n que necesitan para realizar sus funciones designadas, y nosotros no los autorice a usar o divulgar informaci\u00f3n personal para su propio marketing u otros fines.<\/p><h4>Privacidad de los ni\u00f1os<\/h4><p>No recopilamos a sabiendas ninguna informaci\u00f3n personal de ni\u00f1os menores de 13 a\u00f1os. Si es menor de 13 a\u00f1os, no env\u00ede ninguna informaci\u00f3n personal a trav\u00e9s de nuestro sitio web o servicio. Alentamos a los padres y tutores legales a monitorear el uso de Internet de sus hijos y ayudar a hacer cumplir esta Pol\u00edtica instruyendo a sus hijos a que nunca proporcionen informaci\u00f3n personal a trav\u00e9s de nuestro sitio web o servicio sin su permiso. Si tiene motivos para creer que un ni\u00f1o menor de 13 a\u00f1os nos ha proporcionado informaci\u00f3n personal a trav\u00e9s de nuestro sitio web o servicio, comun\u00edquese con nosotros. Tambi\u00e9n debe tener al menos 16 a\u00f1os para dar su consentimiento para el procesamiento de sus datos personales en su pa\u00eds (en algunos pa\u00edses, podemos permitir que sus padres o tutores lo hagan en su nombre).<\/p><h4>Boletines<\/h4><p>Ofrecemos boletines electr\u00f3nicos a los que puede suscribirse voluntariamente en cualquier momento. Puede optar por dejar de recibir nuestro bolet\u00edn o correos electr\u00f3nicos de marketing siguiendo las instrucciones para cancelar la suscripci\u00f3n incluidas en estos correos electr\u00f3nicos o comunic\u00e1ndose con nosotros. Sin embargo, seguir\u00e1 recibiendo correos electr\u00f3nicos transaccionales esenciales.<\/p><h4>Galletas<\/h4><p>El sitio web utiliza &quot;cookies&quot; para ayudar a personalizar su experiencia en l\u00ednea. Una cookie es un archivo de texto que un servidor de p\u00e1ginas web coloca en su disco duro. Las cookies no se pueden utilizar para ejecutar programas o enviar virus a su computadora. Las cookies se le asignan de forma exclusiva a usted y solo pueden ser le\u00eddas por un servidor web en el dominio que emiti\u00f3 la cookie. Podemos utilizar cookies para recopilar, almacenar y rastrear informaci\u00f3n con fines estad\u00edsticos para operar nuestro sitio web y nuestros servicios. Tiene la posibilidad de aceptar o rechazar cookies. La mayor\u00eda de los navegadores web aceptan autom\u00e1ticamente las cookies, pero normalmente puede modificar la configuraci\u00f3n de su navegador para rechazar las cookies si lo prefiere. Si elige rechazar las cookies, es posible que no pueda experimentar por completo las caracter\u00edsticas del sitio web y los servicios. Para obtener m\u00e1s informaci\u00f3n sobre las cookies y c\u00f3mo administrarlas, visite internetcookies.org<\/p><p>Adem\u00e1s de utilizar cookies y tecnolog\u00edas relacionadas como se describe anteriormente, tambi\u00e9n podemos permitir que ciertas empresas de terceros nos ayuden a personalizar la publicidad que creemos que puede ser de inter\u00e9s para los usuarios y recopilar y utilizar otros datos sobre las actividades de los usuarios en el sitio web. Estas empresas pueden publicar anuncios que tambi\u00e9n pueden colocar cookies y realizar un seguimiento del comportamiento del usuario.<\/p><h4>No rastrear se\u00f1ales<\/h4><p>Algunos navegadores incorporan una funci\u00f3n No rastrear que indica a los sitios web que visita que no desea que se realice un seguimiento de su actividad en l\u00ednea. El seguimiento no es lo mismo que utilizar o recopilar informaci\u00f3n en relaci\u00f3n con un sitio web. Para estos fines, el seguimiento se refiere a la recopilaci\u00f3n de informaci\u00f3n de identificaci\u00f3n personal de los consumidores que usan o visitan un sitio web o servicio en l\u00ednea a medida que se mueven por diferentes sitios web a lo largo del tiempo. Nuestro sitio web no rastrea a sus visitantes a lo largo del tiempo y en sitios web de terceros. Sin embargo, algunos sitios de terceros pueden realizar un seguimiento de sus actividades de navegaci\u00f3n cuando le ofrecen contenido, lo que les permite personalizar lo que le presentan.<\/p><h4>Afiliados<\/h4><p>Podemos divulgar informaci\u00f3n sobre usted a nuestros afiliados con el fin de poder ofrecerle productos y servicios relacionados o adicionales. Cualquier informaci\u00f3n relacionada con usted que proporcionemos a nuestros afiliados ser\u00e1 tratada por dichos afiliados de acuerdo con los t\u00e9rminos de esta Pol\u00edtica de privacidad.<\/p><h4>Enlaces a otros sitios web<\/h4><p>Nuestro sitio web contiene enlaces a otros sitios web que no son de nuestra propiedad ni est\u00e1n controlados por nosotros. Tenga en cuenta que no somos responsables de las pr\u00e1cticas de privacidad de dichos sitios web o terceros. Le recomendamos que est\u00e9 atento cuando abandone nuestro sitio web y que lea las declaraciones de privacidad de todos y cada uno de los sitios web que pueden recopilar informaci\u00f3n personal.<\/p><h4>Seguridad de informaci\u00f3n<\/h4><p>Aseguramos la informaci\u00f3n que usted proporciona en servidores inform\u00e1ticos en un entorno controlado y seguro, protegido del acceso, uso o divulgaci\u00f3n no autorizados. Mantenemos medidas de seguridad administrativas, t\u00e9cnicas y f\u00edsicas razonables en un esfuerzo por proteger contra el acceso, uso, modificaci\u00f3n y divulgaci\u00f3n no autorizados de la Informaci\u00f3n personal bajo su control y custodia. Sin embargo, no se puede garantizar la transmisi\u00f3n de datos a trav\u00e9s de Internet o redes inal\u00e1mbricas. Por lo tanto, aunque nos esforzamos por proteger su informaci\u00f3n personal, usted reconoce que (i) existen limitaciones de seguridad y privacidad en Internet que est\u00e1n fuera de nuestro control; (ii) no se puede garantizar la seguridad, integridad y privacidad de toda la informaci\u00f3n y los datos intercambiados entre usted y nuestro sitio web; y (iii) dicha informaci\u00f3n y datos pueden ser vistos o alterados en tr\u00e1nsito por un tercero, a pesar de los mejores esfuerzos.<\/p><h4>Filtraci\u00f3n de datos<\/h4><p>En caso de que tengamos conocimiento de que la seguridad del sitio web se ha visto comprometida o la informaci\u00f3n personal de los usuarios se ha divulgado a terceros no relacionados como resultado de una actividad externa, incluidos, entre otros, ataques de seguridad o fraude, nos reservamos el derecho a tomar medidas razonablemente apropiadas, que incluyen, entre otras, la investigaci\u00f3n y la denuncia, as\u00ed como la notificaci\u00f3n y la cooperaci\u00f3n con las autoridades policiales. En el caso de una violaci\u00f3n de datos, haremos todos los esfuerzos razonables para notificar a las personas afectadas si creemos que existe un riesgo razonable de da\u00f1o para el usuario como resultado de la violaci\u00f3n o si la ley exige un aviso. Cuando lo hagamos, publicaremos un aviso en el sitio web y le enviaremos un correo electr\u00f3nico.<\/p><h4>Divulgaci\u00f3n legal<\/h4><p>Divulgaremos cualquier informaci\u00f3n que recopilemos, usemos o recibamos si as\u00ed lo requiere o lo permite la ley, como para cumplir con una citaci\u00f3n o un proceso legal similar, y cuando creamos de buena fe que la divulgaci\u00f3n es necesaria para proteger nuestros derechos, proteger su seguridad. o la seguridad de otros, investigue el fraude o responda a una solicitud del gobierno. En el caso de que pasemos por una transici\u00f3n comercial, como una fusi\u00f3n o adquisici\u00f3n por parte de otra empresa, o la venta de la totalidad o una parte de sus activos, es probable que su cuenta de usuario y sus datos personales se encuentren entre los activos transferidos.<\/p><h4>Cambios y modificaciones<\/h4><p>Nos reservamos el derecho de modificar esta Pol\u00edtica relacionada con el Sitio web o los Servicios en cualquier momento, a partir de la publicaci\u00f3n de una versi\u00f3n actualizada de esta Pol\u00edtica en el Sitio web. Cuando lo hagamos, revisaremos la fecha de actualizaci\u00f3n en la parte superior de esta p\u00e1gina. El uso continuado del sitio web despu\u00e9s de dichos cambios constituir\u00e1 su consentimiento para dichos cambios.<\/p><h4>Aceptaci\u00f3n de esta pol\u00edtica<\/h4><p>Usted reconoce que ha le\u00eddo esta Pol\u00edtica y acepta todos sus t\u00e9rminos y condiciones. Al utilizar el sitio web o sus servicios, acepta estar sujeto a esta pol\u00edtica. Si no acepta cumplir con los t\u00e9rminos de esta Pol\u00edtica, no est\u00e1 autorizado para usar o acceder al sitio web y sus Servicios.<\/p><h4>Contactando con nosotros<\/h4><p>Si tiene alguna pregunta sobre esta Pol\u00edtica, cont\u00e1ctenos en <b>hello@flaneurlife.com<\/b>.<\/p>\t\t\t\t\t\t\t\t<\/div>\n\t\t\t\t<\/div>\n\t\t\t\t\t<\/div>\n\t\t<\/div>\n\t\t\t\t\t<\/div>\n\t\t<\/section>\n\t\t\t\t<\/div>","protected":false},"excerpt":{"rendered":"<p>Privacy Policy Last Updated: MARCH 2025 Introduction This privacy policy (&#8220;Policy&#8221;) describes how Flaneur Ventures LLC, doing business as Flaneur Life (&#8220;Company&#8221;, &#8220;we&#8221;, &#8220;us&#8221; or &#8220;our&#8221;) collects, protects and uses the personally identifiable information (&#8220;Personal Information&#8221;) you (&#8220;User&#8221;, &#8220;you&#8221; or &#8220;your&#8221;) may provide on the flaneurlife.com website and any of its products or services (collectively, [&hellip;]<\/p>\n","protected":false},"author":1,"featured_media":0,"parent":0,"menu_order":0,"comment_status":"closed","ping_status":"closed","template":"elementor_canvas","meta":{"_lmt_disableupdate":"","_lmt_disable":"","ocean_post_layout":"","ocean_both_sidebars_style":"","ocean_both_sidebars_content_width":0,"ocean_both_sidebars_sidebars_width":0,"ocean_sidebar":"0","ocean_second_sidebar":"0","ocean_disable_margins":"enable","ocean_add_body_class":"","ocean_shortcode_before_top_bar":"","ocean_shortcode_after_top_bar":"","ocean_shortcode_before_header":"","ocean_shortcode_after_header":"","ocean_has_shortcode":"","ocean_shortcode_after_title":"","ocean_shortcode_before_footer_widgets":"","ocean_shortcode_after_footer_widgets":"","ocean_shortcode_before_footer_bottom":"","ocean_shortcode_after_footer_bottom":"","ocean_display_top_bar":"off","ocean_display_header":"off","ocean_header_style":"","ocean_center_header_left_menu":"0","ocean_custom_header_template":"0","ocean_custom_logo":0,"ocean_custom_retina_logo":0,"ocean_custom_logo_max_width":0,"ocean_custom_logo_tablet_max_width":0,"ocean_custom_logo_mobile_max_width":0,"ocean_custom_logo_max_height":0,"ocean_custom_logo_tablet_max_height":0,"ocean_custom_logo_mobile_max_height":0,"ocean_header_custom_menu":"0","ocean_menu_typo_font_family":"0","ocean_menu_typo_font_subset":"","ocean_menu_typo_font_size":0,"ocean_menu_typo_font_size_tablet":0,"ocean_menu_typo_font_size_mobile":0,"ocean_menu_typo_font_size_unit":"px","ocean_menu_typo_font_weight":"","ocean_menu_typo_font_weight_tablet":"","ocean_menu_typo_font_weight_mobile":"","ocean_menu_typo_transform":"","ocean_menu_typo_transform_tablet":"","ocean_menu_typo_transform_mobile":"","ocean_menu_typo_line_height":0,"ocean_menu_typo_line_height_tablet":0,"ocean_menu_typo_line_height_mobile":0,"ocean_menu_typo_line_height_unit":"","ocean_menu_typo_spacing":0,"ocean_menu_typo_spacing_tablet":0,"ocean_menu_typo_spacing_mobile":0,"ocean_menu_typo_spacing_unit":"","ocean_menu_link_color":"","ocean_menu_link_color_hover":"","ocean_menu_link_color_active":"","ocean_menu_link_background":"","ocean_menu_link_hover_background":"","ocean_menu_link_active_background":"","ocean_menu_social_links_bg":"","ocean_menu_social_hover_links_bg":"","ocean_menu_social_links_color":"","ocean_menu_social_hover_links_color":"","ocean_disable_title":"default","ocean_disable_heading":"default","ocean_post_title":"","ocean_post_subheading":"","ocean_post_title_style":"","ocean_post_title_background_color":"","ocean_post_title_background":0,"ocean_post_title_bg_image_position":"","ocean_post_title_bg_image_attachment":"","ocean_post_title_bg_image_repeat":"","ocean_post_title_bg_image_size":"","ocean_post_title_height":0,"ocean_post_title_bg_overlay":0.5,"ocean_post_title_bg_overlay_color":"","ocean_disable_breadcrumbs":"default","ocean_breadcrumbs_color":"","ocean_breadcrumbs_separator_color":"","ocean_breadcrumbs_links_color":"","ocean_breadcrumbs_links_hover_color":"","ocean_display_footer_widgets":"off","ocean_display_footer_bottom":"off","ocean_custom_footer_template":"0","footnotes":""},"class_list":["post-2518","page","type-page","status-publish","hentry","entry"],"featured_image_src":null,"jetpack_sharing_enabled":true,"_links":{"self":[{"href":"https:\/\/www.flaneurlife.com\/es\/wp-json\/wp\/v2\/pages\/2518","targetHints":{"allow":["GET"]}}],"collection":[{"href":"https:\/\/www.flaneurlife.com\/es\/wp-json\/wp\/v2\/pages"}],"about":[{"href":"https:\/\/www.flaneurlife.com\/es\/wp-json\/wp\/v2\/types\/page"}],"author":[{"embeddable":true,"href":"https:\/\/www.flaneurlife.com\/es\/wp-json\/wp\/v2\/users\/1"}],"replies":[{"embeddable":true,"href":"https:\/\/www.flaneurlife.com\/es\/wp-json\/wp\/v2\/comments?post=2518"}],"version-history":[{"count":8,"href":"https:\/\/www.flaneurlife.com\/es\/wp-json\/wp\/v2\/pages\/2518\/revisions"}],"predecessor-version":[{"id":29719,"href":"https:\/\/www.flaneurlife.com\/es\/wp-json\/wp\/v2\/pages\/2518\/revisions\/29719"}],"wp:attachment":[{"href":"https:\/\/www.flaneurlife.com\/es\/wp-json\/wp\/v2\/media?parent=2518"}],"curies":[{"name":"wp","href":"https:\/\/api.w.org\/{rel}","templated":true}]}}