{"id":2142,"date":"2019-03-13T18:31:44","date_gmt":"2019-03-13T18:31:44","guid":{"rendered":"https:\/\/www.flaneurlife.com\/?page_id=2142"},"modified":"2024-07-08T23:20:19","modified_gmt":"2024-07-08T23:20:19","slug":"terminos-y-condiciones","status":"publish","type":"page","link":"https:\/\/www.flaneurlife.com\/es\/terminos-y-condiciones\/","title":{"rendered":"T\u00e9rminos y condiciones"},"content":{"rendered":"<div data-elementor-type=\"wp-post\" data-elementor-id=\"2142\" class=\"elementor elementor-2142\" data-elementor-post-type=\"page\">\n\t\t\t\t\t\t<section data-particle_enable=\"false\" data-particle-mobile-disabled=\"false\" class=\"has_ae_slider elementor-section elementor-top-section elementor-element elementor-element-3d29865d elementor-section-height-min-height elementor-section-stretched elementor-section-boxed elementor-section-height-default elementor-section-items-middle ae-bg-gallery-type-default\" data-id=\"3d29865d\" data-element_type=\"section\" data-e-type=\"section\" data-settings=\"{&quot;background_background&quot;:&quot;gradient&quot;,&quot;stretch_section&quot;:&quot;section-stretched&quot;}\">\n\t\t\t\t\t\t\t<div class=\"elementor-background-overlay\"><\/div>\n\t\t\t\t\t\t\t<div class=\"elementor-container elementor-column-gap-default\">\n\t\t\t\t\t<div class=\"has_ae_slider elementor-column elementor-col-100 elementor-top-column elementor-element elementor-element-4bba19e1 ae-bg-gallery-type-default\" data-id=\"4bba19e1\" data-element_type=\"column\" data-e-type=\"column\">\n\t\t\t<div class=\"elementor-widget-wrap elementor-element-populated\">\n\t\t\t\t\t\t<div class=\"elementor-element elementor-element-5386ac1d no-margin elementor-widget elementor-widget-heading\" data-id=\"5386ac1d\" data-element_type=\"widget\" data-e-type=\"widget\" data-widget_type=\"heading.default\">\n\t\t\t\t<div class=\"elementor-widget-container\">\n\t\t\t\t\t<h2 class=\"elementor-heading-title elementor-size-default\">T\u00e9rminos y condiciones<\/h2>\t\t\t\t<\/div>\n\t\t\t\t<\/div>\n\t\t\t\t\t<\/div>\n\t\t<\/div>\n\t\t\t\t\t<\/div>\n\t\t<\/section>\n\t\t\t\t<section data-particle_enable=\"false\" data-particle-mobile-disabled=\"false\" class=\"has_ae_slider elementor-section elementor-top-section elementor-element elementor-element-6a2831a8 elementor-section-boxed elementor-section-height-default elementor-section-height-default ae-bg-gallery-type-default\" data-id=\"6a2831a8\" data-element_type=\"section\" data-e-type=\"section\">\n\t\t\t\t\t\t<div class=\"elementor-container elementor-column-gap-default\">\n\t\t\t\t\t<div class=\"has_ae_slider elementor-column elementor-col-100 elementor-top-column elementor-element elementor-element-3d7d2c21 ae-bg-gallery-type-default\" data-id=\"3d7d2c21\" data-element_type=\"column\" data-e-type=\"column\">\n\t\t\t<div class=\"elementor-widget-wrap elementor-element-populated\">\n\t\t\t\t\t\t<div class=\"elementor-element elementor-element-5c275c27 elementor-widget elementor-widget-heading\" data-id=\"5c275c27\" data-element_type=\"widget\" data-e-type=\"widget\" data-widget_type=\"heading.default\">\n\t\t\t\t<div class=\"elementor-widget-container\">\n\t\t\t\t\t<h2 class=\"elementor-heading-title elementor-size-default\">T\u00e9rminos y condiciones<\/h2>\t\t\t\t<\/div>\n\t\t\t\t<\/div>\n\t\t\t\t<div class=\"elementor-element elementor-element-2f6135d3 elementor-widget elementor-widget-text-editor\" data-id=\"2f6135d3\" data-element_type=\"widget\" data-e-type=\"widget\" data-widget_type=\"text-editor.default\">\n\t\t\t\t<div class=\"elementor-widget-container\">\n\t\t\t\t\t\t\t\t\t<div class=\"entry-content\">\n<h4>\u00daltima actualizaci\u00f3n: JULIO 2024<\/h4>\n<h3>General<\/h3>\n<p>Estos t\u00e9rminos y condiciones (&quot;T\u00e9rminos&quot;, &quot;Acuerdo&quot;) son un acuerdo entre Fl\u00e2neur Life LLC (&quot;Fl\u00e2neur Life LLC&quot;, &quot;nosotros&quot;, &quot;nosotros&quot; o &quot;nuestro&quot;) y usted (&quot;Usuario&quot;, &quot;usted&quot; o &quot;su&quot;). Este Acuerdo establece los t\u00e9rminos y condiciones generales de su uso del sitio web flaneurlife.com y cualquiera de sus productos o servicios (colectivamente, &quot;Sitio web&quot; o &quot;Servicios&quot;).<\/p>\n<h4>Cuentas y membres\u00eda<\/h4>\n<p>Si crea una cuenta en el sitio web, usted es responsable de mantener la seguridad de su cuenta y es totalmente responsable de todas las actividades que ocurran en la cuenta y cualquier otra acci\u00f3n realizada en relaci\u00f3n con ella. Proporcionar informaci\u00f3n de contacto falsa de cualquier tipo puede resultar en la cancelaci\u00f3n de su cuenta. Debe notificarnos de inmediato sobre cualquier uso no autorizado de su cuenta o cualquier otra violaci\u00f3n de la seguridad. No seremos responsables de ning\u00fan acto u omisi\u00f3n por su parte, incluidos los da\u00f1os de cualquier tipo incurridos como resultado de dichos actos u omisiones. Podemos suspender, deshabilitar o eliminar su cuenta (o cualquier parte de la misma) si determinamos que ha violado alguna disposici\u00f3n de este Acuerdo o que su conducta o contenido tender\u00eda a da\u00f1ar nuestra reputaci\u00f3n y buena voluntad. Si eliminamos su cuenta por los motivos anteriores, no podr\u00e1 volver a registrarse en nuestros Servicios. Podemos bloquear su direcci\u00f3n de correo electr\u00f3nico y la direcci\u00f3n del protocolo de Internet para evitar m\u00e1s registros.<\/p>\n<h4>Contenido del usuario<\/h4>\n<p>No somos propietarios de ning\u00fan dato, informaci\u00f3n o material (&quot;Contenido&quot;) que usted env\u00ede al Sitio web durante el uso del Servicio. Usted ser\u00e1 el \u00fanico responsable de la precisi\u00f3n, calidad, integridad, legalidad, confiabilidad, idoneidad y propiedad intelectual o derecho de uso de todo el Contenido enviado. Podemos, pero no tenemos la obligaci\u00f3n de, monitorear el Contenido en el sitio web enviado o creado por usted utilizando nuestros Servicios. A menos que usted lo permita espec\u00edficamente, su uso del sitio web no nos otorga la licencia para usar, reproducir, adaptar, modificar, publicar o distribuir el Contenido creado por usted o almacenado en su cuenta de usuario para fines comerciales, de marketing o similares. Pero usted nos otorga permiso para acceder, copiar, distribuir, almacenar, transmitir, reformatear, mostrar y ejecutar el Contenido de su cuenta de usuario \u00fanicamente seg\u00fan sea necesario para proporcionarle los Servicios. Sin limitar ninguna de esas representaciones o garant\u00edas, tenemos el derecho, aunque no la obligaci\u00f3n, de, a nuestro exclusivo criterio, rechazar o eliminar cualquier Contenido que, en nuestra opini\u00f3n razonable, viole cualquiera de nuestras pol\u00edticas o sea de alguna manera da\u00f1ino. o objetable.<\/p>\n<h4>Precisi\u00f3n de la informaci\u00f3n<\/h4>\n<p>Ocasionalmente, puede haber informaci\u00f3n en el sitio web que contenga errores tipogr\u00e1ficos, inexactitudes u omisiones que puedan estar relacionadas con la disponibilidad, promociones y ofertas. Nos reservamos el derecho de corregir cualquier error, inexactitud u omisi\u00f3n, y de cambiar o actualizar la informaci\u00f3n o cancelar pedidos si alguna informaci\u00f3n en el sitio web o en cualquier servicio relacionado es inexacta en cualquier momento sin previo aviso (incluso despu\u00e9s de haber enviado su pedido) . No asumimos ninguna obligaci\u00f3n de actualizar, modificar o aclarar la informaci\u00f3n en el sitio web, incluida, entre otras, la informaci\u00f3n de precios, excepto seg\u00fan lo exija la ley. Ninguna actualizaci\u00f3n espec\u00edfica o fecha de actualizaci\u00f3n aplicada en el sitio web debe tomarse como una indicaci\u00f3n de que toda la informaci\u00f3n en el sitio web o en cualquier servicio relacionado ha sido modificada o actualizada.<\/p>\n<h4>Servicios de terceros<\/h4>\n<p>Si decide habilitar, acceder o utilizar servicios de terceros, tenga en cuenta que su acceso y uso de dichos otros servicios se rigen \u00fanicamente por los t\u00e9rminos y condiciones de dichos otros servicios, y no respaldamos ni somos responsables de y no hacen ninguna declaraci\u00f3n sobre ning\u00fan aspecto de dichos otros servicios, incluidos, entre otros, su contenido o la manera en que manejan los datos (incluidos sus datos) o cualquier interacci\u00f3n entre usted y el proveedor de dichos otros servicios. Usted renuncia irrevocablemente a cualquier reclamo contra Fl\u00e2neur Life LLC con respecto a dichos otros servicios. Fl\u00e2neur Life LLC no es responsable de ning\u00fan da\u00f1o o p\u00e9rdida causada o presuntamente causada por o en conexi\u00f3n con su habilitaci\u00f3n, acceso o uso de dichos otros servicios, o su confianza en las pr\u00e1cticas de privacidad, procesos de seguridad de datos u otras pol\u00edticas de dichos servicios. otros servicios. Es posible que deba registrarse o iniciar sesi\u00f3n en dichos otros servicios en sus respectivos sitios web. Al habilitar cualquier otro servicio, usted permite expresamente que Fl\u00e2neur Life LLC divulgue sus datos seg\u00fan sea necesario para facilitar el uso o la habilitaci\u00f3n de dicho otro servicio.<\/p>\n<h4>copias de seguridad<\/h4>\n<p>Realizamos copias de seguridad peri\u00f3dicas del sitio web y el contenido y haremos todo lo posible para garantizar la integridad y precisi\u00f3n de estas copias de seguridad. En caso de falla del hardware o p\u00e9rdida de datos, restauraremos las copias de seguridad autom\u00e1ticamente para minimizar el impacto y el tiempo de inactividad.<\/p>\n<h4>Enlaces a otros sitios web<\/h4>\n<p>Aunque este sitio web puede estar vinculado a otros sitios web, no implicamos, directa o indirectamente, ninguna aprobaci\u00f3n, asociaci\u00f3n, patrocinio, respaldo o afiliaci\u00f3n con ning\u00fan sitio web vinculado, a menos que se indique espec\u00edficamente en este documento. No somos responsables de examinar o evaluar, y no garantizamos las ofertas de ninguna empresa o individuo ni el contenido de sus sitios web. No asumimos ninguna responsabilidad u obligaci\u00f3n por las acciones, productos, servicios y contenido de cualquier otro tercero. Debe revisar cuidadosamente las declaraciones legales y otras condiciones de uso de cualquier sitio web al que acceda a trav\u00e9s de un enlace desde este sitio web. Su enlace a cualquier otro sitio web fuera del sitio es bajo su propio riesgo.<\/p>\n<h4>Usos prohibidos<\/h4>\n<p>Adem\u00e1s de otros t\u00e9rminos establecidos en el Acuerdo, tiene prohibido usar el sitio web o su contenido: (a) para cualquier prop\u00f3sito ilegal; (b) para solicitar a otros que realicen o participen en cualquier acto ilegal; (c) para violar cualquier regulaci\u00f3n, regla, ley u ordenanza local internacional, federal, provincial o estatal; (d) para infringir o violar nuestros derechos de propiedad intelectual o los derechos de propiedad intelectual de otros; (e) acosar, abusar, insultar, da\u00f1ar, difamar, calumniar, menospreciar, intimidar o discriminar por motivos de g\u00e9nero, orientaci\u00f3n sexual, religi\u00f3n, etnia, raza, edad, origen nacional o discapacidad; (f) presentar informaci\u00f3n falsa o enga\u00f1osa; (g) para cargar o transmitir virus o cualquier otro tipo de c\u00f3digo malicioso que se usar\u00e1 o se puede usar de alguna manera que afecte la funcionalidad o el funcionamiento del Servicio o de cualquier sitio web relacionado, otros sitios web o Internet; (h) para recopilar o rastrear la informaci\u00f3n personal de otros; (i) para spam, phishing, pharm, pretext, spider, crawl o scrape; (j) para cualquier prop\u00f3sito obsceno o inmoral; o (k) para interferir o eludir las caracter\u00edsticas de seguridad del Servicio o cualquier sitio web relacionado, otros sitios web o Internet. Nos reservamos el derecho de terminar su uso del Servicio o cualquier sitio web relacionado por violar cualquiera de los usos prohibidos.<\/p>\n<h4>Derechos de propiedad intelectual<\/h4>\n<p>Este Acuerdo no le transfiere ninguna propiedad intelectual propiedad de Fl\u00e2neur Life LLC o de terceros, y todos los derechos, t\u00edtulos e intereses sobre dicha propiedad permanecer\u00e1n (entre las partes) \u00fanicamente en Fl\u00e2neur Life LLC. Todas las marcas comerciales, marcas de servicio, gr\u00e1ficos y logotipos utilizados en relaci\u00f3n con nuestro sitio web o servicios son marcas comerciales o marcas comerciales registradas de Fl\u00e2neur Life LLC o de los licenciantes de Fl\u00e2neur Life LLC. Otras marcas comerciales, marcas de servicio, gr\u00e1ficos y logotipos utilizados en relaci\u00f3n con nuestro sitio web o servicios pueden ser marcas comerciales de otros terceros. El uso de nuestro sitio web y nuestros servicios no le otorga ning\u00fan derecho o licencia para reproducir o utilizar de otro modo ninguna marca comercial de Fl\u00e2neur Life LLC o de terceros.<\/p>\n<h4>Limitaci\u00f3n de responsabilidad<\/h4>\n<p>En la m\u00e1xima medida permitida por la ley aplicable, en ning\u00fan caso Fl\u00e2neur Life LLC, sus afiliados, funcionarios, directores, empleados, agentes, proveedores o licenciantes ser\u00e1n responsables ante cualquier persona por (a): cualquier da\u00f1o indirecto, incidental, especial, punitivo, cubrir o da\u00f1os consecuentes (incluidos, entre otros, da\u00f1os por p\u00e9rdida de beneficios, ingresos, ventas, fondo de comercio, uso o contenido, impacto en el negocio, interrupci\u00f3n del negocio, p\u00e9rdida de ahorros anticipados, p\u00e9rdida de oportunidades comerciales) cualquiera que sea su causa, bajo cualquier teor\u00eda de responsabilidad. , incluidos, entre otros, contrato, agravio, garant\u00eda, incumplimiento del deber legal, negligencia o de otro tipo, incluso si Fl\u00e2neur Life LLC ha sido informado sobre la posibilidad de tales da\u00f1os o podr\u00eda haber previsto dichos da\u00f1os. En la medida m\u00e1xima permitida por la ley aplicable, la responsabilidad total de Fl\u00e2neur Life LLC y sus afiliados, funcionarios, empleados, agentes, proveedores y licenciantes, en relaci\u00f3n con los servicios, se limitar\u00e1 a una cantidad mayor a un d\u00f3lar o cualquier cantidad realmente pagada en efectivo por usted a Fl\u00e2neur Life LLC durante el per\u00edodo de un mes anterior al primer evento o suceso que dio lugar a dicha responsabilidad. Las limitaciones y exclusiones tambi\u00e9n se aplican si este recurso no lo compensa completamente por cualquier p\u00e9rdida o no cumple con su prop\u00f3sito esencial.<\/p>\n<h4>Indemnizaci\u00f3n<\/h4>\n<p>Usted acepta indemnizar y eximir a Fl\u00e2neur Life LLC y sus afiliados, directores, funcionarios, empleados y agentes de cualquier responsabilidad, p\u00e9rdida, da\u00f1o o costo, incluidos los honorarios razonables de abogados, incurridos en conexi\u00f3n con o que surjan de cualquier tercero. alegaciones, reclamos, acciones, disputas o demandas de partes formuladas contra cualquiera de ellos como resultado de o en relaci\u00f3n con su Contenido, su uso del sitio web o los Servicios o cualquier mala conducta intencional de su parte.<\/p>\n<h4>Divisibilidad<\/h4>\n<p>Todos los derechos y restricciones contenidos en este Acuerdo pueden ejercerse y ser\u00e1n aplicables y vinculantes solo en la medida en que no violen ninguna ley aplicable y est\u00e9n destinados a ser limitados en la medida necesaria para que no hagan que este Acuerdo sea ilegal, inv\u00e1lido. o inaplicable. Si alguna disposici\u00f3n o parte de cualquier disposici\u00f3n de este Acuerdo se considera ilegal, inv\u00e1lida o inaplicable por un tribunal de jurisdicci\u00f3n competente, es la intenci\u00f3n de las partes que las disposiciones restantes o partes de las mismas constituyan su acuerdo con respecto a la objeto del presente, y todas las disposiciones restantes o partes de las mismas permanecer\u00e1n en pleno vigor y efecto.<\/p>\n<h4>Resoluci\u00f3n de conflictos<\/h4>\n<p>La formaci\u00f3n, interpretaci\u00f3n y cumplimiento de este Acuerdo y cualquier disputa que surja de \u00e9l se regir\u00e1 por las leyes sustantivas y procesales de Wyoming, Estados Unidos, sin tener en cuenta sus reglas sobre conflictos o elecci\u00f3n de leyes y, en la medida aplicable, el leyes de Estados Unidos. La jurisdicci\u00f3n exclusiva y el lugar para las acciones relacionadas con el tema del presente ser\u00e1n los tribunales estatales y federales ubicados en Wyoming, Estados Unidos, y usted se somete por el presente a la jurisdicci\u00f3n personal de dichos tribunales. Por la presente, renuncia a cualquier derecho a un juicio con jurado en cualquier procedimiento que surja de o est\u00e9 relacionado con este Acuerdo. La Convenci\u00f3n de las Naciones Unidas sobre Contratos para la Venta Internacional de Bienes no se aplica a este Acuerdo.<\/p>\n<h4>Cambios y modificaciones<\/h4>\n<p>Nos reservamos el derecho de modificar este Acuerdo o sus pol\u00edticas relacionadas con el Sitio web o los Servicios en cualquier momento, a partir de la publicaci\u00f3n de una versi\u00f3n actualizada de este Acuerdo en el Sitio web. Cuando lo hagamos, revisaremos la fecha actualizada en la parte superior de esta p\u00e1gina. El uso continuado del sitio web despu\u00e9s de dichos cambios constituir\u00e1 su consentimiento a dichos cambios.<\/p>\n<h4>Aceptaci\u00f3n de estos t\u00e9rminos<\/h4>\n<p>Usted reconoce que ha le\u00eddo este Acuerdo y acepta todos sus t\u00e9rminos y condiciones. Al utilizar el sitio web o sus servicios, usted acepta estar sujeto a este Acuerdo. Si no acepta cumplir con los t\u00e9rminos de este Acuerdo, no est\u00e1 autorizado para usar o acceder al sitio web y sus servicios.<\/p>\n<h4>Contactando con nosotros<\/h4>\n<p>Si tiene alguna pregunta sobre este Acuerdo, por favor&nbsp;<a href=\"https:\/\/www.flaneurlife.com\/es\/contacta-con-nosotros\/\" target=\"_blank\" rel=\"noopener\">Cont\u00e1ctenos<\/a>.<\/p>\n<\/div>\t\t\t\t\t\t\t\t<\/div>\n\t\t\t\t<\/div>\n\t\t\t\t\t<\/div>\n\t\t<\/div>\n\t\t\t\t\t<\/div>\n\t\t<\/section>\n\t\t\t\t<\/div>","protected":false},"excerpt":{"rendered":"<p>Last Updated: JULY 2024 General These terms and conditions (&#8220;Terms&#8221;, &#8220;Agreement&#8221;) are an agreement between Fl\u00e2neur Life LLC (&#8220;Fl\u00e2neur Life LLC&#8221;, &#8220;us&#8221;, &#8220;we&#8221; or &#8220;our&#8221;) and you (&#8220;User&#8221;, &#8220;you&#8221; or &#8220;your&#8221;). This Agreement sets forth the general terms and conditions of your use of the flaneurlife.com website and any of its products or services (collectively, [&hellip;]<\/p>\n","protected":false},"author":1,"featured_media":0,"parent":0,"menu_order":0,"comment_status":"closed","ping_status":"closed","template":"","meta":{"_lmt_disableupdate":"no","_lmt_disable":"","ocean_post_layout":"","ocean_both_sidebars_style":"","ocean_both_sidebars_content_width":0,"ocean_both_sidebars_sidebars_width":0,"ocean_sidebar":"0","ocean_second_sidebar":"0","ocean_disable_margins":"enable","ocean_add_body_class":"","ocean_shortcode_before_top_bar":"","ocean_shortcode_after_top_bar":"","ocean_shortcode_before_header":"","ocean_shortcode_after_header":"","ocean_has_shortcode":"","ocean_shortcode_after_title":"","ocean_shortcode_before_footer_widgets":"","ocean_shortcode_after_footer_widgets":"","ocean_shortcode_before_footer_bottom":"","ocean_shortcode_after_footer_bottom":"","ocean_display_top_bar":"default","ocean_display_header":"default","ocean_header_style":"","ocean_center_header_left_menu":"0","ocean_custom_header_template":"0","ocean_custom_logo":0,"ocean_custom_retina_logo":0,"ocean_custom_logo_max_width":0,"ocean_custom_logo_tablet_max_width":0,"ocean_custom_logo_mobile_max_width":0,"ocean_custom_logo_max_height":0,"ocean_custom_logo_tablet_max_height":0,"ocean_custom_logo_mobile_max_height":0,"ocean_header_custom_menu":"0","ocean_menu_typo_font_family":"0","ocean_menu_typo_font_subset":"","ocean_menu_typo_font_size":0,"ocean_menu_typo_font_size_tablet":0,"ocean_menu_typo_font_size_mobile":0,"ocean_menu_typo_font_size_unit":"px","ocean_menu_typo_font_weight":"","ocean_menu_typo_font_weight_tablet":"","ocean_menu_typo_font_weight_mobile":"","ocean_menu_typo_transform":"","ocean_menu_typo_transform_tablet":"","ocean_menu_typo_transform_mobile":"","ocean_menu_typo_line_height":0,"ocean_menu_typo_line_height_tablet":0,"ocean_menu_typo_line_height_mobile":0,"ocean_menu_typo_line_height_unit":"","ocean_menu_typo_spacing":0,"ocean_menu_typo_spacing_tablet":0,"ocean_menu_typo_spacing_mobile":0,"ocean_menu_typo_spacing_unit":"","ocean_menu_link_color":"","ocean_menu_link_color_hover":"","ocean_menu_link_color_active":"","ocean_menu_link_background":"","ocean_menu_link_hover_background":"","ocean_menu_link_active_background":"","ocean_menu_social_links_bg":"","ocean_menu_social_hover_links_bg":"","ocean_menu_social_links_color":"","ocean_menu_social_hover_links_color":"","ocean_disable_title":"default","ocean_disable_heading":"default","ocean_post_title":"","ocean_post_subheading":"","ocean_post_title_style":"","ocean_post_title_background_color":"","ocean_post_title_background":0,"ocean_post_title_bg_image_position":"","ocean_post_title_bg_image_attachment":"","ocean_post_title_bg_image_repeat":"","ocean_post_title_bg_image_size":"","ocean_post_title_height":0,"ocean_post_title_bg_overlay":0.5,"ocean_post_title_bg_overlay_color":"","ocean_disable_breadcrumbs":"default","ocean_breadcrumbs_color":"","ocean_breadcrumbs_separator_color":"","ocean_breadcrumbs_links_color":"","ocean_breadcrumbs_links_hover_color":"","ocean_display_footer_widgets":"default","ocean_display_footer_bottom":"default","ocean_custom_footer_template":"0","footnotes":""},"class_list":["post-2142","page","type-page","status-publish","hentry","entry"],"featured_image_src":null,"jetpack_sharing_enabled":true,"_links":{"self":[{"href":"https:\/\/www.flaneurlife.com\/es\/wp-json\/wp\/v2\/pages\/2142","targetHints":{"allow":["GET"]}}],"collection":[{"href":"https:\/\/www.flaneurlife.com\/es\/wp-json\/wp\/v2\/pages"}],"about":[{"href":"https:\/\/www.flaneurlife.com\/es\/wp-json\/wp\/v2\/types\/page"}],"author":[{"embeddable":true,"href":"https:\/\/www.flaneurlife.com\/es\/wp-json\/wp\/v2\/users\/1"}],"replies":[{"embeddable":true,"href":"https:\/\/www.flaneurlife.com\/es\/wp-json\/wp\/v2\/comments?post=2142"}],"version-history":[{"count":12,"href":"https:\/\/www.flaneurlife.com\/es\/wp-json\/wp\/v2\/pages\/2142\/revisions"}],"predecessor-version":[{"id":27949,"href":"https:\/\/www.flaneurlife.com\/es\/wp-json\/wp\/v2\/pages\/2142\/revisions\/27949"}],"wp:attachment":[{"href":"https:\/\/www.flaneurlife.com\/es\/wp-json\/wp\/v2\/media?parent=2142"}],"curies":[{"name":"wp","href":"https:\/\/api.w.org\/{rel}","templated":true}]}}